{"id":691,"date":"2024-05-16T16:51:32","date_gmt":"2024-05-16T19:51:32","guid":{"rendered":"https:\/\/dieteticactiva.com.ar\/ecomerce\/?post_type=product&#038;p=691"},"modified":"2024-09-20T22:34:47","modified_gmt":"2024-09-21T01:34:47","slug":"congreso_completo","status":"publish","type":"product","link":"https:\/\/dieteticactiva.com.ar\/ecomerce\/producto\/congreso_completo\/","title":{"rendered":"CONGRESO COMPLETO &#8211; S\u00e1bado y Domingo"},"content":{"rendered":"<p>[et_pb_section fb_built=&#8221;1&#8243; _builder_version=&#8221;4.16&#8243; custom_padding=&#8221;0px||||false|false&#8221; global_colors_info=&#8221;{}&#8221;][et_pb_row _builder_version=&#8221;4.16&#8243; background_size=&#8221;initial&#8221; background_position=&#8221;top_left&#8221; background_repeat=&#8221;repeat&#8221; width=&#8221;100%&#8221; custom_padding=&#8221;0px||0px||false|false&#8221; global_colors_info=&#8221;{}&#8221;][et_pb_column type=&#8221;4_4&#8243; _builder_version=&#8221;4.16&#8243; custom_padding=&#8221;|||&#8221; global_colors_info=&#8221;{}&#8221; custom_padding__hover=&#8221;|||&#8221;][et_pb_wc_cart_notice _builder_version=&#8221;4.16&#8243; global_colors_info=&#8221;{}&#8221;][\/et_pb_wc_cart_notice][\/et_pb_column][\/et_pb_row][et_pb_row column_structure=&#8221;1_2,1_2&#8243; _builder_version=&#8221;4.16&#8243; background_size=&#8221;initial&#8221; background_position=&#8221;top_left&#8221; background_repeat=&#8221;repeat&#8221; width=&#8221;100%&#8221; custom_padding=&#8221;0px||||false|false&#8221; global_colors_info=&#8221;{}&#8221;][et_pb_column type=&#8221;1_2&#8243; _builder_version=&#8221;4.16&#8243; custom_padding=&#8221;|||&#8221; global_colors_info=&#8221;{}&#8221; custom_padding__hover=&#8221;|||&#8221;][et_pb_wc_images show_sale_badge=&#8221;off&#8221; _builder_version=&#8221;4.20.1&#8243; border_radii_image=&#8221;on|20px|20px|20px|20px&#8221; global_colors_info=&#8221;{}&#8221;][\/et_pb_wc_images][\/et_pb_column][et_pb_column type=&#8221;1_2&#8243; _builder_version=&#8221;4.16&#8243; custom_padding=&#8221;|||&#8221; global_colors_info=&#8221;{}&#8221; custom_padding__hover=&#8221;|||&#8221;][et_pb_wc_title _builder_version=&#8221;4.16&#8243; global_colors_info=&#8221;{}&#8221;][\/et_pb_wc_title][et_pb_wc_price _builder_version=&#8221;4.16&#8243; global_colors_info=&#8221;{}&#8221;][\/et_pb_wc_price][et_pb_wc_description _builder_version=&#8221;4.16&#8243; global_colors_info=&#8221;{}&#8221;][\/et_pb_wc_description][et_pb_wc_add_to_cart _builder_version=&#8221;4.16&#8243; global_colors_info=&#8221;{}&#8221;][\/et_pb_wc_add_to_cart][et_pb_wc_meta _builder_version=&#8221;4.20.1&#8243; global_colors_info=&#8221;{}&#8221;][\/et_pb_wc_meta][\/et_pb_column][\/et_pb_row][et_pb_row _builder_version=&#8221;4.16&#8243; background_size=&#8221;initial&#8221; background_position=&#8221;top_left&#8221; background_repeat=&#8221;repeat&#8221; width=&#8221;100%&#8221; global_colors_info=&#8221;{}&#8221;][et_pb_column type=&#8221;4_4&#8243; _builder_version=&#8221;4.16&#8243; custom_padding=&#8221;|||&#8221; global_colors_info=&#8221;{}&#8221; custom_padding__hover=&#8221;|||&#8221;][et_pb_wc_tabs _builder_version=&#8221;4.16&#8243; global_colors_info=&#8221;{}&#8221;]\t\t\t\t\t[\/et_pb_wc_tabs][et_pb_wc_upsells _builder_version=&#8221;4.16&#8243; global_colors_info=&#8221;{}&#8221;][\/et_pb_wc_upsells][et_pb_wc_related_products sale_badge_color=&#8221;RGBA(255,255,255,0)&#8221; icon_hover_color=&#8221;RGBA(255,255,255,0)&#8221; hover_overlay_color=&#8221;RGBA(255,255,255,0)&#8221; show_rating=&#8221;off&#8221; show_sale_badge=&#8221;off&#8221; _builder_version=&#8221;4.20.1&#8243; sale_badge_text_color=&#8221;RGBA(255,255,255,0)&#8221; border_radii_image=&#8221;on|20px|20px|20px|20px&#8221; box_shadow_style_image=&#8221;preset1&#8243; global_colors_info=&#8221;{}&#8221;][\/et_pb_wc_related_products][\/et_pb_column][\/et_pb_row][\/et_pb_section]<\/p>\n","protected":false},"excerpt":{"rendered":"<p><strong>TODAS las Conferencias de la Expo<\/strong><\/p>\n<p>Esta opci\u00f3n incluye todas las Conferencias de ambas jornadas: T\u00e9cnico-Cient\u00edfica y de Marketing y Negocios desarrolladas en Expo Retail Saludable: S\u00e1bado 21 y Domingo 22 de Septiembre de 9 hs a 18 hs .<br \/>\nINCLUYE DESAYUNOS DE BIENVENIDA . Es en la Expo!<\/p>\n","protected":false},"featured_media":712,"template":"","meta":{"_et_pb_use_builder":"on","_et_pb_old_content":"S\u00c1BADO 21 DE SEPTIEMBRE \u2013 JORNADA T\u00c9CNICO-CIENT\u00cdFICA\r\n\r\n9:30HS. NUTRICI\u00d3N 360\u00b0 - TRANSFORMANDO LA SALUD A TRAV\u00c9S DE LA MEDICINA FUNCIONAL\r\nUn abordaje terap\u00e9utico integrador, considerando diversos aspectos de la salud de las personas.\r\nDr. Luis S\u00e1nchez\r\n\r\n10:15HS. MICROBIOTA: ALIMENTACI\u00d3N PARA FAVORECER SU DESARROLLO Y MANTENER EL EQUILIBRIO INTESTINAL\r\nEntendiendo c\u00f3mo los patrones alimentarios pueden modular la composici\u00f3n de la microbiota intestinal y las funciones de la barrera intestinal.\r\nLic. Eugenia Rodr\u00edguez Fanlo\r\n\r\n11:00HS. TR\u00c1MITES DE REGISTROS NECESARIOS PARA APERTURA DE MERCADOS\r\n\u00bfPor qu\u00e9 son necesarios los registros? M\u00e9todos, requerimientos y pasos a seguir para RNE, RNPA, Tr\u00e1nsito Federal, Exportaci\u00f3n, C\u00f3digo de Barras, Registro de Marca, Dominio de Internet y otros.\r\nLic. Mar\u00eda Eugenia Russo\r\nLic. Helio Perotto\r\n\r\n14HS. SALUD DIGESTIVA: SIN GLUTEN, SIN TRIGO\r\nGu\u00eda para acompa\u00f1ar al cliente que debe o desea dejar el gluten\/trigo, desinflamar su intestino y disminuir s\u00edntomas extradigestivos.\r\nLic. B\u00e1rbara Lobo\r\n\r\n14:45HS. SIMPOSIO SOBRE VEGETARIANISMO Y VEGANISMO\r\nNUEVAS TENDENCIAS EN ALIMENTOS PARA VEGETARIANOS Y VEGANOS\r\nLic. Andrea Fiorito\r\n\r\n15:15HS. EL DEPORTE Y LA NUTRICI\u00d3N BASADA EN PLANTAS\r\nC\u00f3mo conseguir los nutrientes esenciales y cr\u00edticos para entrenar.\r\nLic. Lucila Rosso y Ferro\r\n\r\n16HS. RECESO.\r\n\r\n17:15HS. PRIORIZANDO LA SALUD A TRAV\u00c9S DE LOS PRODUCTOS ORG\u00c1NICOS\r\nIng. Pedro Landa\r\n\r\nDOMINGO 22 DE SEPTIEMBRE \u2013 JORNADA DE MARKETING Y NEGOCIOS\r\n\r\n10:00 HS.<strong> EL C\u00cdRCULO DE LA EFECTIVIDAD \u2013 MOTIVATE E INSPIRATE PARA LOGRAR TUS OBJETIVOS<\/strong>\r\nExisten 4 aspectos que se ponen en juego cada d\u00eda en nuestras actividades. Los resultados u objetivos que buscamos. La relaci\u00f3n con uno mismo. La relaci\u00f3n con los otros y la capacidad de aprender.\r\nEl equilibrio entre estos 4 aspectos es la clave para tener un liderazgo sano y efectivo. Qu\u00e9 controlamos y qu\u00e9 no controlamos. C\u00f3mo podemos influir en los resultados desde un lugar m\u00e1s constructivo, generando v\u00ednculos sostenibles en el tiempo.\r\n<em>Ing. Juan Martin Ortiz<\/em>\r\n\r\n10:45 HS. <strong>CONSTRUCCI\u00d3N DE LA RESILIENCIA EN EL CAMPO LABORAL Y PROFESIONAL<\/strong>\r\nEvolucionar ante la crisis, poder reconstruir y salir fortalecidos en nuestros proyectos de negocio.\r\n<em>Dr. Diego Doello\r\n<\/em>\r\n11:30 HS. <strong>TRAMPAS MENTALES:<\/strong>\r\n<strong>C\u00d3MO SER CREATIVOS EN \u00c9POCAS DE CRISIS<\/strong>\r\nEn \u00e9pocas de crisis la creatividad en los negocios puede estar disminuida o simplemente bloqueada. Tomamos miles de decisiones diarias y nuestra mente construye esquemas cerebrales en funci\u00f3n de situaciones anteriores, aprendizajes y experiencia. Por ello en el proceso de Negociaci\u00f3n, en las acciones de Marketing, en las Finanzas, en el Factor Humano debemos identificar los \u201csesgos cognitivos\u201c para tomar mejores decisiones.\r\n<em>Dr. Gustavo Idoyaga<\/em>\r\n\r\n12:15HS. RECESO.\r\n14:00HS. INTELIGENCIA ARTIFICIAL PARA REVOLUCIONAR TU NEGOCIO\r\nEntendiendo la importancia de la transformaci\u00f3n digital en el \u00e1mbito de los negocios minoristas saludables. Implementaci\u00f3n y aplicaciones pr\u00e1cticas de la inteligencia artificial en la gesti\u00f3n de negocios. Herramientas y plataformas disponibles.\r\nMat\u00edas Wullich\r\n\r\n15:00HS. CHARLA - YOGUR GRIEGO KAI\r\n\r\n15:30HS. RECESO\r\n\r\n16hs. SIMPOSIO DE COSM\u00c9TICA NATURAL\r\n\r\n18:00HS. CONFERENCIA MAGISTRAL DE LA CAPS - C\u00c1MARA ARGENTINA DE PRODUCTOS SALUDABLES\r\nFernando Aguirre","_et_gb_content_width":"","_joinchat":[]},"product_cat":[19,21],"product_tag":[],"class_list":["post-691","product","type-product","status-publish","has-post-thumbnail","hentry","product_cat-congreso","product_cat-jornada"],"_links":{"self":[{"href":"https:\/\/dieteticactiva.com.ar\/ecomerce\/wp-json\/wp\/v2\/product\/691","targetHints":{"allow":["GET"]}}],"collection":[{"href":"https:\/\/dieteticactiva.com.ar\/ecomerce\/wp-json\/wp\/v2\/product"}],"about":[{"href":"https:\/\/dieteticactiva.com.ar\/ecomerce\/wp-json\/wp\/v2\/types\/product"}],"wp:featuredmedia":[{"embeddable":true,"href":"https:\/\/dieteticactiva.com.ar\/ecomerce\/wp-json\/wp\/v2\/media\/712"}],"wp:attachment":[{"href":"https:\/\/dieteticactiva.com.ar\/ecomerce\/wp-json\/wp\/v2\/media?parent=691"}],"wp:term":[{"taxonomy":"product_cat","embeddable":true,"href":"https:\/\/dieteticactiva.com.ar\/ecomerce\/wp-json\/wp\/v2\/product_cat?post=691"},{"taxonomy":"product_tag","embeddable":true,"href":"https:\/\/dieteticactiva.com.ar\/ecomerce\/wp-json\/wp\/v2\/product_tag?post=691"}],"curies":[{"name":"wp","href":"https:\/\/api.w.org\/{rel}","templated":true}]}}